{"id":866,"date":"2025-06-24T08:21:47","date_gmt":"2025-06-24T12:21:47","guid":{"rendered":"https:\/\/www.adelphia5.com\/?page_id=866"},"modified":"2025-06-24T08:26:01","modified_gmt":"2025-06-24T12:26:01","slug":"terms-and-conditions","status":"publish","type":"page","link":"https:\/\/www.adelphia5.com\/fr\/terms-and-conditions\/","title":{"rendered":"Conditions g\u00e9n\u00e9rales d'utilisation"},"content":{"rendered":"<div data-elementor-type=\"wp-page\" data-elementor-id=\"866\" class=\"elementor elementor-866\" data-elementor-post-type=\"page\">\n\t\t\t\t<div class=\"elementor-element elementor-element-45a2c85 e-flex e-con-boxed e-con e-parent\" data-id=\"45a2c85\" data-element_type=\"container\" data-e-type=\"container\">\n\t\t\t\t\t<div class=\"e-con-inner\">\n\t\t\t\t<div class=\"elementor-element elementor-element-4e4f623 elementor-widget elementor-widget-image\" data-id=\"4e4f623\" data-element_type=\"widget\" data-e-type=\"widget\" data-widget_type=\"image.default\">\n\t\t\t\t<div class=\"elementor-widget-container\">\n\t\t\t\t\t\t\t\t\t\t\t\t\t\t\t<img decoding=\"async\" width=\"150\" height=\"150\" src=\"https:\/\/www.adelphia5.com\/wp-content\/uploads\/2025\/04\/cropped-ADELPHIA-LOGO-2000px-x-500px-e1746121675133-150x150.png\" class=\"attachment-thumbnail size-thumbnail wp-image-43\" alt=\"ADELPHIA_5_Logo\" \/>\t\t\t\t\t\t\t\t\t\t\t\t\t\t\t<\/div>\n\t\t\t\t<\/div>\n\t\t\t\t<div class=\"elementor-element elementor-element-af2a69c elementor-widget elementor-widget-heading\" data-id=\"af2a69c\" data-element_type=\"widget\" data-e-type=\"widget\" data-widget_type=\"heading.default\">\n\t\t\t\t<div class=\"elementor-widget-container\">\n\t\t\t\t\t<h2 class=\"elementor-heading-title elementor-size-default\">Conditions g\u00e9n\u00e9rales d'utilisation<\/h2>\t\t\t\t<\/div>\n\t\t\t\t<\/div>\n\t\t\t\t<div class=\"elementor-element elementor-element-549e0a0 elementor-widget elementor-widget-text-editor\" data-id=\"549e0a0\" data-element_type=\"widget\" data-e-type=\"widget\" data-widget_type=\"text-editor.default\">\n\t\t\t\t<div class=\"elementor-widget-container\">\n\t\t\t\t\t\t\t\t\t<p data-start=\"283\" data-end=\"463\">En acc\u00e9dant \u00e0 notre site web ou en l'utilisant (<a href=\"https:\/\/www.adelphia5.com\/fr\/\"><span style=\"text-decoration: underline;\">www.adelphia5.com<\/span><\/a>) ou en utilisant nos services, vous acceptez les conditions g\u00e9n\u00e9rales suivantes. Veuillez les lire attentivement.<\/p><hr data-start=\"465\" data-end=\"468\" \/><h3 data-start=\"470\" data-end=\"496\">1. Acceptation des conditions<\/h3><p data-start=\"498\" data-end=\"671\">En acc\u00e9dant \u00e0 ce site web, vous reconnaissez avoir lu, compris et accept\u00e9 d'\u00eatre li\u00e9 par ces conditions. Si vous n'\u00eates pas d'accord, veuillez ne pas utiliser notre site ou nos services.<\/p><hr data-start=\"673\" data-end=\"676\" \/><h3 data-start=\"678\" data-end=\"703\">2. Utilisation du site web<\/h3><p data-start=\"705\" data-end=\"865\">Vous acceptez de n'utiliser ce site web qu'\u00e0 des fins l\u00e9gales et d'une mani\u00e8re qui ne porte pas atteinte aux droits d'autrui, ne restreint pas ou n'emp\u00eache pas l'utilisation du site par autrui.<\/p><p data-start=\"867\" data-end=\"879\">Vous ne pouvez pas :<\/p><ul data-start=\"880\" data-end=\"1056\"><li data-start=\"880\" data-end=\"939\"><p data-start=\"882\" data-end=\"939\">Copier, distribuer ou reproduire le contenu sans autorisation<\/p><\/li><li data-start=\"940\" data-end=\"1001\"><p data-start=\"942\" data-end=\"1001\">tenter d'obtenir un acc\u00e8s non autoris\u00e9 \u00e0 toute partie du site<\/p><\/li><li data-start=\"1002\" data-end=\"1056\"><p data-start=\"1004\" data-end=\"1056\">Utiliser le site web pour des activit\u00e9s frauduleuses ou nuisibles<\/p><\/li><\/ul><hr data-start=\"1058\" data-end=\"1061\" \/><h3 data-start=\"1063\" data-end=\"1091\">3. Propri\u00e9t\u00e9 intellectuelle<\/h3><p data-start=\"1093\" data-end=\"1325\">Tout le contenu de ce site web - y compris les logos, les textes, les graphiques et les logiciels - est la propri\u00e9t\u00e9 d'Adelphia 5 ou de ses conc\u00e9dants de licence et est prot\u00e9g\u00e9 par les lois sur les droits d'auteur et les marques d\u00e9pos\u00e9es. L'utilisation de notre contenu sans accord \u00e9crit pr\u00e9alable est interdite.<\/p><hr data-start=\"1327\" data-end=\"1330\" \/><h3 data-start=\"1332\" data-end=\"1368\">4. Informations sur les produits et services<\/h3><p data-start=\"1370\" data-end=\"1669\">Nous nous effor\u00e7ons de veiller \u00e0 ce que toutes les informations figurant sur notre site web soient exactes et \u00e0 jour. Toutefois, nous ne garantissons pas l'exhaustivit\u00e9 ou l'exactitude des d\u00e9tails, des prix ou de la disponibilit\u00e9 des produits. Nous nous r\u00e9servons le droit de modifier ou d'interrompre des services ou des offres de produits \u00e0 tout moment et sans pr\u00e9avis.<\/p><hr data-start=\"1671\" data-end=\"1674\" \/><h3 data-start=\"1676\" data-end=\"1700\">5. Liens avec des tiers<\/h3><p data-start=\"1702\" data-end=\"1897\">Notre site peut inclure des liens vers des sites web de tiers. Ceux-ci ne sont fournis qu'\u00e0 des fins de commodit\u00e9 et d'information. Adelphia 5 n'est pas responsable du contenu ou des pratiques des sites externes.<\/p><hr data-start=\"1899\" data-end=\"1902\" \/><h3 data-start=\"1904\" data-end=\"1934\">6. Limitation de la responsabilit\u00e9<\/h3><p data-start=\"1936\" data-end=\"2136\">Dans toute la mesure permise par la loi, Adelphia 5 ne sera pas responsable des dommages directs, indirects, accessoires ou cons\u00e9cutifs r\u00e9sultant de l'utilisation ou de l'impossibilit\u00e9 d'utiliser notre site web ou nos services.<\/p><hr data-start=\"2138\" data-end=\"2141\" \/><h3 data-start=\"2143\" data-end=\"2165\">7. Indemnisation<\/h3><p data-start=\"2167\" data-end=\"2363\">Vous acceptez d'indemniser et de d\u00e9gager de toute responsabilit\u00e9 Adelphia 5, ses filiales, ses partenaires, ses employ\u00e9s et ses agents en cas de r\u00e9clamation ou de demande r\u00e9sultant d'une violation des pr\u00e9sentes conditions ou d'une utilisation abusive du site web.<\/p><hr data-start=\"2365\" data-end=\"2368\" \/><h3 data-start=\"2370\" data-end=\"2399\">8. Modifications des pr\u00e9sentes conditions<\/h3><p data-start=\"2401\" data-end=\"2627\">Nous pouvons mettre \u00e0 jour les pr\u00e9sentes conditions g\u00e9n\u00e9rales de temps \u00e0 autre. Toute modification sera publi\u00e9e sur cette page avec la date d'entr\u00e9e en vigueur de la mise \u00e0 jour. En continuant \u00e0 utiliser le site web apr\u00e8s ces modifications, vous acceptez les nouvelles conditions.<\/p><hr data-start=\"2629\" data-end=\"2632\" \/><h3 data-start=\"2634\" data-end=\"2654\">9. Droit applicable<\/h3><p data-start=\"2656\" data-end=\"2799\">Les pr\u00e9sentes conditions sont r\u00e9gies et interpr\u00e9t\u00e9es conform\u00e9ment aux lois du Qu\u00e9bec, Canada, sans tenir compte des dispositions relatives aux conflits de lois.<\/p><hr data-start=\"2801\" data-end=\"2804\" \/><h3 data-start=\"2806\" data-end=\"2824\">10. Nous contacter<\/h3><p data-start=\"2826\" data-end=\"2904\">Si vous avez des questions concernant les pr\u00e9sentes conditions g\u00e9n\u00e9rales, veuillez consulter notre site Internet \u00e0 l'adresse suivante <a href=\"https:\/\/www.adelphia5.com\/fr\/contact-us\/\"><span style=\"text-decoration: underline;\">page de contact<\/span><\/a>.<\/p><p><strong data-start=\"323\" data-end=\"356\">Date d'entr\u00e9e en vigueur : 24 juin 2025<\/strong><\/p>\t\t\t\t\t\t\t\t<\/div>\n\t\t\t\t<\/div>\n\t\t\t\t\t<\/div>\n\t\t\t\t<\/div>\n\t\t\t\t<\/div>","protected":false},"excerpt":{"rendered":"<p>Terms and Conditions By accessing or using our website (www.adelphia5.com) or engaging with our services, you agree to the following Terms and Conditions. Please read them carefully. 1. Acceptance of Terms By accessing this website, you acknowledge that you have read, understood, and agree to be bound by these Terms. If you do not agree, [&hellip;]<\/p>\n","protected":false},"author":4,"featured_media":0,"parent":0,"menu_order":0,"comment_status":"closed","ping_status":"closed","template":"","meta":{"_acf_changed":false,"footnotes":""},"class_list":["post-866","page","type-page","status-publish","hentry"],"acf":[],"_links":{"self":[{"href":"https:\/\/www.adelphia5.com\/fr\/wp-json\/wp\/v2\/pages\/866","targetHints":{"allow":["GET"]}}],"collection":[{"href":"https:\/\/www.adelphia5.com\/fr\/wp-json\/wp\/v2\/pages"}],"about":[{"href":"https:\/\/www.adelphia5.com\/fr\/wp-json\/wp\/v2\/types\/page"}],"author":[{"embeddable":true,"href":"https:\/\/www.adelphia5.com\/fr\/wp-json\/wp\/v2\/users\/4"}],"replies":[{"embeddable":true,"href":"https:\/\/www.adelphia5.com\/fr\/wp-json\/wp\/v2\/comments?post=866"}],"version-history":[{"count":4,"href":"https:\/\/www.adelphia5.com\/fr\/wp-json\/wp\/v2\/pages\/866\/revisions"}],"predecessor-version":[{"id":870,"href":"https:\/\/www.adelphia5.com\/fr\/wp-json\/wp\/v2\/pages\/866\/revisions\/870"}],"wp:attachment":[{"href":"https:\/\/www.adelphia5.com\/fr\/wp-json\/wp\/v2\/media?parent=866"}],"curies":[{"name":"wp","href":"https:\/\/api.w.org\/{rel}","templated":true}]}}