{"id":845,"date":"2025-06-24T08:13:45","date_gmt":"2025-06-24T12:13:45","guid":{"rendered":"https:\/\/www.adelphia5.com\/?page_id=845"},"modified":"2025-06-24T08:34:29","modified_gmt":"2025-06-24T12:34:29","slug":"privacy-policy","status":"publish","type":"page","link":"https:\/\/www.adelphia5.com\/fr\/privacy-policy\/","title":{"rendered":"Politique de confidentialit\u00e9"},"content":{"rendered":"<div data-elementor-type=\"wp-page\" data-elementor-id=\"845\" class=\"elementor elementor-845\" data-elementor-post-type=\"page\">\n\t\t\t\t<div class=\"elementor-element elementor-element-45a2c85 e-flex e-con-boxed e-con e-parent\" data-id=\"45a2c85\" data-element_type=\"container\" data-e-type=\"container\">\n\t\t\t\t\t<div class=\"e-con-inner\">\n\t\t\t\t<div class=\"elementor-element elementor-element-4e4f623 elementor-widget elementor-widget-image\" data-id=\"4e4f623\" data-element_type=\"widget\" data-e-type=\"widget\" data-widget_type=\"image.default\">\n\t\t\t\t<div class=\"elementor-widget-container\">\n\t\t\t\t\t\t\t\t\t\t\t\t\t\t\t<img decoding=\"async\" width=\"150\" height=\"150\" src=\"https:\/\/www.adelphia5.com\/wp-content\/uploads\/2025\/04\/cropped-ADELPHIA-LOGO-2000px-x-500px-e1746121675133-150x150.png\" class=\"attachment-thumbnail size-thumbnail wp-image-43\" alt=\"ADELPHIA_5_Logo\" \/>\t\t\t\t\t\t\t\t\t\t\t\t\t\t\t<\/div>\n\t\t\t\t<\/div>\n\t\t\t\t<div class=\"elementor-element elementor-element-af2a69c elementor-widget elementor-widget-heading\" data-id=\"af2a69c\" data-element_type=\"widget\" data-e-type=\"widget\" data-widget_type=\"heading.default\">\n\t\t\t\t<div class=\"elementor-widget-container\">\n\t\t\t\t\t<h2 class=\"elementor-heading-title elementor-size-default\">Politique de confidentialit\u00e9 <\/h2>\t\t\t\t<\/div>\n\t\t\t\t<\/div>\n\t\t\t\t<div class=\"elementor-element elementor-element-549e0a0 elementor-widget elementor-widget-text-editor\" data-id=\"549e0a0\" data-element_type=\"widget\" data-e-type=\"widget\" data-widget_type=\"text-editor.default\">\n\t\t\t\t<div class=\"elementor-widget-container\">\n\t\t\t\t\t\t\t\t\t<p data-start=\"323\" data-end=\"356\">Nous accordons de l'importance \u00e0 votre vie priv\u00e9e et nous nous engageons \u00e0 prot\u00e9ger vos informations personnelles. La pr\u00e9sente politique de confidentialit\u00e9 d\u00e9crit la mani\u00e8re dont nous collectons, utilisons, divulguons et prot\u00e9geons vos donn\u00e9es lorsque vous interagissez avec notre site web, nos produits et nos services.<\/p><h3 data-start=\"597\" data-end=\"626\">1. Les informations que nous collectons<\/h3><p data-start=\"628\" data-end=\"678\">Nous pouvons collecter les types d'informations suivants :<\/p><ul data-start=\"679\" data-end=\"1181\"><li data-start=\"679\" data-end=\"876\"><p data-start=\"681\" data-end=\"876\"><strong data-start=\"681\" data-end=\"705\">Informations personnelles<\/strong>Les donn\u00e9es personnelles : telles que votre nom, votre adresse \u00e9lectronique, votre num\u00e9ro de t\u00e9l\u00e9phone, le nom de votre entreprise et votre fonction, lorsque vous remplissez un formulaire de contact, que vous vous abonnez \u00e0 nos communications ou que vous utilisez nos services.<\/p><\/li><li data-start=\"877\" data-end=\"999\"><p data-start=\"879\" data-end=\"999\"><strong data-start=\"879\" data-end=\"893\">Donn\u00e9es d'utilisation<\/strong>les informations relatives \u00e0 l'utilisation de notre site web : adresse IP, type de navigateur, informations relatives \u00e0 l'appareil, pages visit\u00e9es et temps pass\u00e9 sur notre site web.<\/p><\/li><li data-start=\"1000\" data-end=\"1181\"><p data-start=\"1002\" data-end=\"1181\"><strong data-start=\"1002\" data-end=\"1037\">Cookies et technologies de suivi<\/strong>des informations sur le site : qui nous aident \u00e0 analyser les performances du site, \u00e0 en am\u00e9liorer la fonctionnalit\u00e9 et \u00e0 offrir une meilleure exp\u00e9rience. (Voir notre <a href=\"https:\/\/www.adelphia5.com\/fr\/cookie-policy\/\"><span style=\"text-decoration: underline;\">Politique en mati\u00e8re de cookies<\/span><\/a> pour plus de d\u00e9tails).<\/p><\/li><\/ul><h3 data-start=\"1183\" data-end=\"1217\">2. Comment nous utilisons vos informations<\/h3><p data-start=\"1219\" data-end=\"1246\">Nous utilisons vos informations pour :<\/p><ul data-start=\"1247\" data-end=\"1534\"><li data-start=\"1247\" data-end=\"1295\"><p data-start=\"1249\" data-end=\"1295\">Fournir, am\u00e9liorer et personnaliser nos services<\/p><\/li><li data-start=\"1296\" data-end=\"1348\"><p data-start=\"1298\" data-end=\"1348\">R\u00e9pondre aux demandes de renseignements et d'assistance \u00e0 la client\u00e8le<\/p><\/li><li data-start=\"1349\" data-end=\"1432\"><p data-start=\"1351\" data-end=\"1432\">Envoyer des mises \u00e0 jour importantes, des bulletins d'information ou du mat\u00e9riel promotionnel (avec votre consentement)<\/p><\/li><li data-start=\"1433\" data-end=\"1472\"><p data-start=\"1435\" data-end=\"1472\">Analyser l'utilisation et les performances du site web<\/p><\/li><li data-start=\"1473\" data-end=\"1534\"><p data-start=\"1475\" data-end=\"1534\">Maintenir la s\u00e9curit\u00e9 et d\u00e9tecter les activit\u00e9s frauduleuses ou ill\u00e9gales<\/p><\/li><\/ul><h3 data-start=\"1536\" data-end=\"1567\">3. Partage des informations<\/h3><p data-start=\"1569\" data-end=\"1795\">Nous le faisons <strong data-start=\"1575\" data-end=\"1582\">pas<\/strong> vendre vos informations personnelles. Nous pouvons partager vos donn\u00e9es avec des prestataires de services tiers de confiance qui nous aident \u00e0 exploiter notre site web ou \u00e0 fournir des services, uniquement si cela est n\u00e9cessaire et dans le cadre d'accords de confidentialit\u00e9.<\/p><h3 data-start=\"1797\" data-end=\"1825\">4. Vos choix et vos droits<\/h3><p data-start=\"1827\" data-end=\"1849\">Vous avez le droit de :<\/p><ul data-start=\"1850\" data-end=\"2019\"><li data-start=\"1850\" data-end=\"1903\"><p data-start=\"1852\" data-end=\"1903\">Acc\u00e9der, mettre \u00e0 jour ou supprimer vos informations personnelles<\/p><\/li><li data-start=\"1904\" data-end=\"1953\"><p data-start=\"1906\" data-end=\"1953\">Refuser les communications marketing \u00e0 tout moment<\/p><\/li><li data-start=\"1954\" data-end=\"2019\"><p data-start=\"1956\" data-end=\"2019\">G\u00e9rer vos pr\u00e9f\u00e9rences en mati\u00e8re de cookies par le biais des param\u00e8tres de votre navigateur en mati\u00e8re de cookies<\/p><\/li><\/ul><p data-start=\"2021\" data-end=\"2137\">Si vous r\u00e9sidez dans une r\u00e9gion dot\u00e9e de lois sp\u00e9cifiques en mati\u00e8re de protection des donn\u00e9es (par exemple, GDPR, CCPA), des droits suppl\u00e9mentaires peuvent s'appliquer.<\/p><h3 data-start=\"2139\" data-end=\"2159\">5. S\u00e9curit\u00e9 des donn\u00e9es<\/h3><p data-start=\"2161\" data-end=\"2344\">Nous prenons la s\u00e9curit\u00e9 des donn\u00e9es au s\u00e9rieux. Nous mettons en \u0153uvre des mesures de protection administratives, techniques et physiques raisonnables pour prot\u00e9ger vos informations personnelles contre tout acc\u00e8s non autoris\u00e9 ou toute utilisation abusive.<\/p><h3 data-start=\"2346\" data-end=\"2370\">6. Liens avec des tiers<\/h3><p data-start=\"2372\" data-end=\"2556\">Notre site web peut contenir des liens vers des sites externes non exploit\u00e9s par Adelphia 5. Nous ne sommes pas responsables des pratiques de ces sites en mati\u00e8re de respect de la vie priv\u00e9e et vous encourageons \u00e0 consulter leurs politiques.<\/p><h3 data-start=\"2558\" data-end=\"2587\">7. Modifications de la pr\u00e9sente politique<\/h3><p data-start=\"2589\" data-end=\"2719\">Nous pouvons mettre \u00e0 jour la pr\u00e9sente politique de confidentialit\u00e9 de temps \u00e0 autre. Toute modification sera publi\u00e9e ici et la date d'entr\u00e9e en vigueur sera mise \u00e0 jour en cons\u00e9quence.<\/p><h3 data-start=\"2721\" data-end=\"2738\">8. Nous contacter<\/h3><p data-start=\"2740\" data-end=\"2848\">Si vous avez des questions sur la pr\u00e9sente politique de confidentialit\u00e9 ou sur la mani\u00e8re dont nous traitons vos informations, veuillez consulter notre site Internet \u00e0 l'adresse suivante <a href=\"https:\/\/www.adelphia5.com\/fr\/contact-us\/\"><span style=\"text-decoration: underline;\">page de contact<\/span><\/a>.<\/p><p><strong data-start=\"323\" data-end=\"356\">Date d'entr\u00e9e en vigueur : 24 juin 2025<\/strong><\/p>\t\t\t\t\t\t\t\t<\/div>\n\t\t\t\t<\/div>\n\t\t\t\t\t<\/div>\n\t\t\t\t<\/div>\n\t\t\t\t<\/div>","protected":false},"excerpt":{"rendered":"<p>Privacy Policy We value your privacy and are committed to protecting your personal information. This Privacy Policy outlines how we collect, use, disclose, and safeguard your data when you interact with our website, products, and services. 1. Information We Collect We may collect the following types of information: Personal Information: such as your name, email [&hellip;]<\/p>\n","protected":false},"author":4,"featured_media":0,"parent":0,"menu_order":0,"comment_status":"closed","ping_status":"closed","template":"","meta":{"_acf_changed":false,"footnotes":""},"class_list":["post-845","page","type-page","status-publish","hentry"],"acf":[],"_links":{"self":[{"href":"https:\/\/www.adelphia5.com\/fr\/wp-json\/wp\/v2\/pages\/845","targetHints":{"allow":["GET"]}}],"collection":[{"href":"https:\/\/www.adelphia5.com\/fr\/wp-json\/wp\/v2\/pages"}],"about":[{"href":"https:\/\/www.adelphia5.com\/fr\/wp-json\/wp\/v2\/types\/page"}],"author":[{"embeddable":true,"href":"https:\/\/www.adelphia5.com\/fr\/wp-json\/wp\/v2\/users\/4"}],"replies":[{"embeddable":true,"href":"https:\/\/www.adelphia5.com\/fr\/wp-json\/wp\/v2\/comments?post=845"}],"version-history":[{"count":10,"href":"https:\/\/www.adelphia5.com\/fr\/wp-json\/wp\/v2\/pages\/845\/revisions"}],"predecessor-version":[{"id":874,"href":"https:\/\/www.adelphia5.com\/fr\/wp-json\/wp\/v2\/pages\/845\/revisions\/874"}],"wp:attachment":[{"href":"https:\/\/www.adelphia5.com\/fr\/wp-json\/wp\/v2\/media?parent=845"}],"curies":[{"name":"wp","href":"https:\/\/api.w.org\/{rel}","templated":true}]}}