{"id":839,"date":"2025-06-24T08:08:07","date_gmt":"2025-06-24T12:08:07","guid":{"rendered":"https:\/\/www.adelphia5.com\/?page_id=839"},"modified":"2025-06-24T08:20:59","modified_gmt":"2025-06-24T12:20:59","slug":"cookie-policy","status":"publish","type":"page","link":"https:\/\/www.adelphia5.com\/fr\/cookie-policy\/","title":{"rendered":"Politique en mati\u00e8re de cookies"},"content":{"rendered":"<div data-elementor-type=\"wp-page\" data-elementor-id=\"839\" class=\"elementor elementor-839\" data-elementor-post-type=\"page\">\n\t\t\t\t<div class=\"elementor-element elementor-element-45a2c85 e-flex e-con-boxed e-con e-parent\" data-id=\"45a2c85\" data-element_type=\"container\" data-e-type=\"container\">\n\t\t\t\t\t<div class=\"e-con-inner\">\n\t\t\t\t<div class=\"elementor-element elementor-element-4e4f623 elementor-widget elementor-widget-image\" data-id=\"4e4f623\" data-element_type=\"widget\" data-e-type=\"widget\" data-widget_type=\"image.default\">\n\t\t\t\t<div class=\"elementor-widget-container\">\n\t\t\t\t\t\t\t\t\t\t\t\t\t\t\t<img decoding=\"async\" width=\"150\" height=\"150\" src=\"https:\/\/www.adelphia5.com\/wp-content\/uploads\/2025\/04\/cropped-ADELPHIA-LOGO-2000px-x-500px-e1746121675133-150x150.png\" class=\"attachment-thumbnail size-thumbnail wp-image-43\" alt=\"ADELPHIA_5_Logo\" \/>\t\t\t\t\t\t\t\t\t\t\t\t\t\t\t<\/div>\n\t\t\t\t<\/div>\n\t\t\t\t<div class=\"elementor-element elementor-element-af2a69c elementor-widget elementor-widget-heading\" data-id=\"af2a69c\" data-element_type=\"widget\" data-e-type=\"widget\" data-widget_type=\"heading.default\">\n\t\t\t\t<div class=\"elementor-widget-container\">\n\t\t\t\t\t<h2 class=\"elementor-heading-title elementor-size-default\">Politique en mati\u00e8re de cookies <\/h2>\t\t\t\t<\/div>\n\t\t\t\t<\/div>\n\t\t\t\t<div class=\"elementor-element elementor-element-549e0a0 elementor-widget elementor-widget-text-editor\" data-id=\"549e0a0\" data-element_type=\"widget\" data-e-type=\"widget\" data-widget_type=\"text-editor.default\">\n\t\t\t\t<div class=\"elementor-widget-container\">\n\t\t\t\t\t\t\t\t\t<p data-start=\"368\" data-end=\"593\">Nous utilisons des cookies pour am\u00e9liorer votre exp\u00e9rience, analyser les performances du site web et assurer son bon fonctionnement.\u00a0<\/p><p data-start=\"553\" data-end=\"747\">Les cookies sont de petits fichiers de donn\u00e9es stock\u00e9s sur votre ordinateur ou votre appareil mobile lorsque vous visitez un site web. Ils aident les sites web \u00e0 m\u00e9moriser vos pr\u00e9f\u00e9rences, \u00e0 activer des fonctions essentielles et \u00e0 am\u00e9liorer l'exp\u00e9rience de l'utilisateur.<\/p><p data-start=\"553\" data-end=\"747\"><span style=\"text-decoration: underline;\">Les cookies que nous utilisons appartiennent aux cat\u00e9gories suivantes :<\/span><\/p><p data-start=\"595\" data-end=\"638\"><strong>Cookies essentiels (toujours actifs)<\/strong><\/p><p data-start=\"639\" data-end=\"796\">Ces cookies sont n\u00e9cessaires au fonctionnement du site web et ne peuvent pas \u00eatre d\u00e9sactiv\u00e9s. Ils contribuent \u00e0 la fonctionnalit\u00e9 de base, comme la navigation sur les pages et l'acc\u00e8s s\u00e9curis\u00e9.<\/p><p data-start=\"798\" data-end=\"839\"><strong>Cookies de performance et d'analyse<\/strong><\/p><p data-start=\"840\" data-end=\"978\">Ces cookies nous aident \u00e0 comprendre comment les visiteurs interagissent avec notre site web, afin que nous puissions continuer \u00e0 l'am\u00e9liorer. Toutes les donn\u00e9es collect\u00e9es sont anonymes.<\/p><p data-start=\"980\" data-end=\"1021\"><strong>Cookies de ciblage et de publicit\u00e9<\/strong><\/p><p data-start=\"1022\" data-end=\"1135\">Ces cookies nous permettent de vous pr\u00e9senter un contenu plus pertinent et des promotions sur mesure en fonction de votre comportement de navigation.<\/p><hr data-start=\"1137\" data-end=\"1140\" \/><p data-start=\"1142\" data-end=\"1284\"><strong data-start=\"1142\" data-end=\"1168\"><br \/>Vos donn\u00e9es, votre choix<\/strong><\/p><p data-start=\"1142\" data-end=\"1284\">Vous avez le contr\u00f4le. Vous avez la possibilit\u00e9 d'accepter ou de refuser diff\u00e9rents types de cookies lorsque vous visitez notre site web. La plupart des navigateurs web acceptent les cookies par d\u00e9faut, mais vous pouvez r\u00e9gler les param\u00e8tres de votre navigateur pour refuser les cookies si vous le souhaitez. Veuillez noter que la d\u00e9sactivation de certains cookies peut affecter la fonctionnalit\u00e9 et les performances du site. Pour plus de d\u00e9tails, consultez notre <a href=\"https:\/\/www.adelphia5.com\/fr\/privacy-policy\/\"><span style=\"text-decoration: underline;\">Politique de confidentialit\u00e9<\/span><\/a>.<\/p><p data-start=\"2206\" data-end=\"2241\"><strong>Modifications de la pr\u00e9sente politique en mati\u00e8re de cookies<\/strong><\/p><p data-start=\"2242\" data-end=\"2426\">Nous pouvons mettre \u00e0 jour p\u00e9riodiquement la pr\u00e9sente politique en mati\u00e8re de cookies. Toute modification sera publi\u00e9e sur cette page avec la date d'entr\u00e9e en vigueur de la mise \u00e0 jour. Nous vous encourageons \u00e0 consulter r\u00e9guli\u00e8rement cette page pour rester inform\u00e9.<\/p><p data-start=\"2433\" data-end=\"2449\"><strong>CONTACT<\/strong><\/p><p data-start=\"2450\" data-end=\"2545\">Si vous avez des questions sur la pr\u00e9sente politique en mati\u00e8re de cookies ou sur la mani\u00e8re dont nous utilisons les cookies, veuillez consulter notre site Internet \u00e0 l'adresse suivante <a href=\"https:\/\/www.adelphia5.com\/fr\/contact-us\/\"><span style=\"text-decoration: underline;\">page de contact<\/span>.<\/a><\/p><p><strong data-start=\"323\" data-end=\"356\">Date d'entr\u00e9e en vigueur : 24 juin 2025<\/strong><\/p>\t\t\t\t\t\t\t\t<\/div>\n\t\t\t\t<\/div>\n\t\t\t\t\t<\/div>\n\t\t\t\t<\/div>\n\t\t\t\t<\/div>","protected":false},"excerpt":{"rendered":"<p>Cookie Policy We use cookies to enhance your experience, analyze website performance, and ensure our site functions smoothly.\u00a0 Cookies are small data files stored on your computer or mobile device when you visit a website. They help websites remember your preferences, enable core functions, and improve user experiences. The cookies we use fall into the [&hellip;]<\/p>\n","protected":false},"author":4,"featured_media":0,"parent":0,"menu_order":0,"comment_status":"closed","ping_status":"closed","template":"","meta":{"_acf_changed":false,"footnotes":""},"class_list":["post-839","page","type-page","status-publish","hentry"],"acf":[],"_links":{"self":[{"href":"https:\/\/www.adelphia5.com\/fr\/wp-json\/wp\/v2\/pages\/839","targetHints":{"allow":["GET"]}}],"collection":[{"href":"https:\/\/www.adelphia5.com\/fr\/wp-json\/wp\/v2\/pages"}],"about":[{"href":"https:\/\/www.adelphia5.com\/fr\/wp-json\/wp\/v2\/types\/page"}],"author":[{"embeddable":true,"href":"https:\/\/www.adelphia5.com\/fr\/wp-json\/wp\/v2\/users\/4"}],"replies":[{"embeddable":true,"href":"https:\/\/www.adelphia5.com\/fr\/wp-json\/wp\/v2\/comments?post=839"}],"version-history":[{"count":17,"href":"https:\/\/www.adelphia5.com\/fr\/wp-json\/wp\/v2\/pages\/839\/revisions"}],"predecessor-version":[{"id":865,"href":"https:\/\/www.adelphia5.com\/fr\/wp-json\/wp\/v2\/pages\/839\/revisions\/865"}],"wp:attachment":[{"href":"https:\/\/www.adelphia5.com\/fr\/wp-json\/wp\/v2\/media?parent=839"}],"curies":[{"name":"wp","href":"https:\/\/api.w.org\/{rel}","templated":true}]}}